{"id":119,"date":"2025-04-07T06:31:04","date_gmt":"2025-04-07T06:31:04","guid":{"rendered":"https:\/\/cantaroma.ch\/?page_id=119"},"modified":"2026-02-07T07:35:01","modified_gmt":"2026-02-07T07:35:01","slug":"cantaroma-2","status":"publish","type":"page","link":"https:\/\/cantaroma.ch\/","title":{"rendered":"cantaRoma"},"content":{"rendered":"\n<p class=\"custom-title-text\" style=\"text-align:center;\"><i><mark style=\"background-color:rgba(0, 0, 0, 0);color:#da2222; font-weight:bold;\">c<\/mark>anta<wbr><mark style=\"background-color:rgba(0, 0, 0, 0);color:#dd2929; font-weight:bold;\">R<\/mark>oma<\/i><\/p\n\n\n\n<figure class=\"wp-block-image size-large\"><img loading=\"lazy\" decoding=\"async\" width=\"1024\" height=\"768\" src=\"https:\/\/cantaroma.ch\/wp-content\/uploads\/2025\/06\/caRo_q1_25-1024x768.jpg\" alt=\"\" class=\"wp-image-194\" srcset=\"https:\/\/cantaroma.ch\/wp-content\/uploads\/2025\/06\/caRo_q1_25-1024x768.jpg 1024w, https:\/\/cantaroma.ch\/wp-content\/uploads\/2025\/06\/caRo_q1_25-300x225.jpg 300w, https:\/\/cantaroma.ch\/wp-content\/uploads\/2025\/06\/caRo_q1_25-768x576.jpg 768w, https:\/\/cantaroma.ch\/wp-content\/uploads\/2025\/06\/caRo_q1_25-1536x1152.jpg 1536w, https:\/\/cantaroma.ch\/wp-content\/uploads\/2025\/06\/caRo_q1_25-2048x1536.jpg 2048w, https:\/\/cantaroma.ch\/wp-content\/uploads\/2025\/06\/caRo_q1_25-1568x1176.jpg 1568w\" sizes=\"auto, (max-width: 1024px) 100vw, 1024px\" \/><\/figure>\n\n\n\n<p>Musikalische Gl\u00fccksmomente! Das ist es, was wir MusikerInnen von <em><mark style=\"background-color:rgba(0, 0, 0, 0);color:#d52424\" class=\"has-inline-color\"><strong>c<\/strong><\/mark>anta<mark style=\"background-color:rgba(0, 0, 0, 0);color:#d92222\" class=\"has-inline-color\"><strong>R<\/strong><\/mark>oma<\/em> bei unseren Proben und Konzerten immer wieder erleben. Mit den Liedern aus den verschiedenen Sprach- und Kulturr\u00e4umen Osteuropa\u2019s gehen wir auf eine musikalische Entdeckungsreise. Wir tauchen ein in diese Musik, welche manchmal feurig, dann wiederum melancholisch daherkommt. Der bunte Teppich aus mehrstimmigem Gesang und verspielten Instrumentalvariationen l\u00e4sst viel Raum offen zum Improvisieren. Und so ver\u00e4ndern sich unsere Arrangements immer wieder. <strong><mark style=\"background-color:#d1b224\" class=\"has-inline-color has-black-color\"><\/mark><mark style=\"background-color:#d1b224\" class=\"has-inline-color has-black-color\"><\/mark><\/strong><a href=\"https:\/\/www.graum.ch\"><strong><mark style=\"background-color:#D1DFE4\" class=\"has-inline-color has-dark-gray-color\"><\/mark><\/strong><\/a> <\/p>\n\n\n\n<p class=\"has-text-color has-link-color wp-elements-2c6c8cbcf4fff982097e8b3caed4b1c1\" style=\"color:#ec0606;font-size:27px\">n\u00e4chstes <strong>K O N Z E R T  <\/strong>    <\/p>\n\n\n\n<p class=\"has-text-align-left has-background\" style=\"background-color:#56a68d;font-size:15px\"><mark style=\"background-color:rgba(0, 0, 0, 0)\" class=\"has-inline-color has-white-color\"><strong>DunschtigsBAR, 2. April 2026 <\/strong> \/ <strong>20 Uhr <\/strong>                                                    Untervogthaus           Dorfgasse 37         8708 M\u00e4nnedorf \/                                                                                                                                                                                                                                                                                                                                                                                                      Bar ab 18:30 Uhr                                                                                                 Reservation:  <a href=\"https:\/\/www.untervogthaus.ch\/\">https:\/\/www.untervogthaus.ch<\/a> <\/mark><\/p>\n\n\n\n<div class=\"wp-block-group has-text-color has-link-color wp-elements-51efe6fd0052380d58c7229590eee78c is-nowrap is-layout-flex wp-container-core-group-is-layout-ad2f72ca wp-block-group-is-layout-flex\" style=\"color:#d1e3e0\">\n<p>D<\/p>\n\n\n\n<h3 class=\"wp-block-heading has-small-font-size\"><\/h3>\n\n\n\n<h3 class=\"wp-block-heading alignwide\"><\/h3>\n<\/div>\n\n\n\n<h3 class=\"wp-block-heading alignwide\">    <strong>Die <mark style=\"background-color:rgba(0, 0, 0, 0);color:#da2222\" class=\"has-inline-color\"><em>c<\/em><\/mark><em>anta<mark style=\"background-color:rgba(0, 0, 0, 0);color:#dd2929\" class=\"has-inline-color\">R<\/mark>oma<\/em> Band<\/strong><\/h3>\n\n\n\n<div class=\"wp-block-media-text alignwide has-media-on-the-right is-stacked-on-mobile is-vertically-aligned-center\" style=\"grid-template-columns:auto 20%\"><div class=\"wp-block-media-text__content\">\n<p class=\"has-text-align-left has-large-font-size\"><strong>Susan Balmer: Gesang und Perkussion<\/strong><\/p>\n\n\n\n<p>Mit  ungarischen Wurzeln und musikalisch weltoffen ist Susan gl\u00fccklich beim Singen, Tanzen und gemeinsamen Musizieren. Sie geniesst es, in allerlei Sprachen, Rhythmen und Klangfarben unterwegs zu sein und immer wieder Neues auszuprobieren.<br>Balkan, Gypsy, Klezmer und Latin sind ihre Lieblingsmusikrichtungen. Mit ihrem Akkordeon ist sie auch in anderen Formationen anzutreffen.<\/p>\n<\/div><figure class=\"wp-block-media-text__media\"><img loading=\"lazy\" decoding=\"async\" width=\"768\" height=\"1024\" src=\"https:\/\/cantaroma.ch\/wp-content\/uploads\/2024\/06\/Susan-768x1024.jpg\" alt=\"\" class=\"wp-image-154 size-full\" srcset=\"https:\/\/cantaroma.ch\/wp-content\/uploads\/2024\/06\/Susan-768x1024.jpg 768w, https:\/\/cantaroma.ch\/wp-content\/uploads\/2024\/06\/Susan-225x300.jpg 225w, https:\/\/cantaroma.ch\/wp-content\/uploads\/2024\/06\/Susan-1152x1536.jpg 1152w, https:\/\/cantaroma.ch\/wp-content\/uploads\/2024\/06\/Susan.jpg 1200w\" sizes=\"auto, (max-width: 768px) 100vw, 768px\" \/><\/figure><\/div>\n\n\n\n<div class=\"wp-block-media-text alignwide is-stacked-on-mobile is-vertically-aligned-center is-style-default\" style=\"grid-template-columns:20% auto\"><figure class=\"wp-block-media-text__media\"><img loading=\"lazy\" decoding=\"async\" width=\"768\" height=\"1024\" src=\"https:\/\/cantaroma.ch\/wp-content\/uploads\/2023\/07\/Violeta.jpeg\" alt=\"\" class=\"wp-image-8 size-full\" srcset=\"https:\/\/cantaroma.ch\/wp-content\/uploads\/2023\/07\/Violeta.jpeg 768w, https:\/\/cantaroma.ch\/wp-content\/uploads\/2023\/07\/Violeta-225x300.jpeg 225w\" sizes=\"auto, (max-width: 768px) 100vw, 768px\" \/><\/figure><div class=\"wp-block-media-text__content\">\n<h4 class=\"wp-block-heading\">Violeta Manojan: Gesang und Akkordeon<\/h4>\n\n\n\n<p>Violeta zieht bei <em><mark style=\"background-color:rgba(0, 0, 0, 0);color:#d52424\" class=\"has-inline-color\"><strong>c<\/strong><\/mark>anta<mark style=\"background-color:rgba(0, 0, 0, 0);color:#d92222\" class=\"has-inline-color\"><strong>R<\/strong><\/mark>oma<\/em> vielerlei Register: Bulgarische, Ukrainische, Georgische, Rum\u00e4nische, Romanes, Russische\u2026 in allen jedoch: Menschliche \u2013 et d\u2019accord: immer umspielt auf ihrem Akkordeon!<\/p>\n<\/div><\/div>\n\n\n\n<div class=\"wp-block-media-text alignwide has-media-on-the-right is-stacked-on-mobile\" style=\"grid-template-columns:auto 20%\"><div class=\"wp-block-media-text__content\">\n<h4 class=\"wp-block-heading\">Christian Oestreicher:&nbsp; Klarinette, Gesang<\/h4>\n\n\n\n<p>Schon als Kind Klarinette gelernt, dann aber viel sp\u00e4ter durch die Klezmermusik zum leidenschaftlichen Klarinettenspieler geworden..&nbsp; Inzwischen spielt Christian in verschiedenen Formationen Balkan-, Klezmer-, Tanz- und Folkmusik aus verschiedensten Regionen der Welt, mit viel Freude am Improvisieren.<\/p>\n<\/div><figure class=\"wp-block-media-text__media\"><img loading=\"lazy\" decoding=\"async\" width=\"406\" height=\"507\" src=\"https:\/\/cantaroma.ch\/wp-content\/uploads\/2023\/07\/Unbenannt.jpg\" alt=\"\" class=\"wp-image-9 size-full\" srcset=\"https:\/\/cantaroma.ch\/wp-content\/uploads\/2023\/07\/Unbenannt.jpg 406w, https:\/\/cantaroma.ch\/wp-content\/uploads\/2023\/07\/Unbenannt-240x300.jpg 240w\" sizes=\"auto, (max-width: 406px) 100vw, 406px\" \/><\/figure><\/div>\n\n\n\n<div class=\"wp-block-media-text alignwide is-stacked-on-mobile\" style=\"grid-template-columns:18% auto\"><figure class=\"wp-block-media-text__media\"><img loading=\"lazy\" decoding=\"async\" width=\"540\" height=\"924\" src=\"https:\/\/cantaroma.ch\/wp-content\/uploads\/2023\/07\/Ueli.jpeg\" alt=\"\" class=\"wp-image-10 size-full\" srcset=\"https:\/\/cantaroma.ch\/wp-content\/uploads\/2023\/07\/Ueli.jpeg 540w, https:\/\/cantaroma.ch\/wp-content\/uploads\/2023\/07\/Ueli-175x300.jpeg 175w\" sizes=\"auto, (max-width: 540px) 100vw, 540px\" \/><\/figure><div class=\"wp-block-media-text__content\">\n<h4 class=\"wp-block-heading\">Ueli Weber: Gesang, Gitarre und Panduri<\/h4>\n\n\n\n<p>Ob Sonnenschein oder Regen; keinen Tag ohne Gitarre! Ueli spaziert immer wieder gerne durch die musikalischen G\u00e4rten des Flamenco, Bossa, Manouche-Jazz und Blues. Bei <em><mark style=\"background-color:rgba(0, 0, 0, 0);color:#d52424\" class=\"has-inline-color\"><strong>c<\/strong><\/mark>anta<mark style=\"background-color:rgba(0, 0, 0, 0);color:#d92222\" class=\"has-inline-color\"><strong>R<\/strong><\/mark>oma <\/em>kann er diese Stil-Elemente wie auch seinen Gesang bestens einbringen. Zur Abwechslung zupft Ueli die Begleitung auf dem 3-saitigen Panduri aus Georgien.<\/p>\n<\/div><\/div>\n\n\n\n<div class=\"wp-block-media-text alignwide has-media-on-the-right is-stacked-on-mobile is-vertically-aligned-center\" style=\"grid-template-columns:auto 15%\"><div class=\"wp-block-media-text__content\">\n<h4 class=\"wp-block-heading\">Lucius Sigrist am Kontrabass<\/h4>\n\n\n\n<p>aus Freude und Spass: um Boden zu geben, die Tempi zu halten, die Harmonien zu beleben, die Rhythmen zu verwalten. Und Freundschaft zu leben macht Freude und Spass!<\/p>\n<\/div><figure class=\"wp-block-media-text__media\"><img loading=\"lazy\" decoding=\"async\" width=\"355\" height=\"651\" src=\"https:\/\/cantaroma.ch\/wp-content\/uploads\/2023\/07\/Lucius.jpg\" alt=\"\" class=\"wp-image-37 size-full\" srcset=\"https:\/\/cantaroma.ch\/wp-content\/uploads\/2023\/07\/Lucius.jpg 355w, https:\/\/cantaroma.ch\/wp-content\/uploads\/2023\/07\/Lucius-164x300.jpg 164w\" sizes=\"auto, (max-width: 355px) 100vw, 355px\" \/><\/figure><\/div>\n\n\n\n<div class=\"wp-block-media-text alignwide is-stacked-on-mobile\" style=\"grid-template-columns:18% auto\"><figure class=\"wp-block-media-text__media\"><img loading=\"lazy\" decoding=\"async\" width=\"683\" height=\"1024\" src=\"https:\/\/cantaroma.ch\/wp-content\/uploads\/2025\/04\/bd3124ee-223d-4376-94af-bdac61323bc5-683x1024.jpg\" alt=\"\" class=\"wp-image-165 size-full\" srcset=\"https:\/\/cantaroma.ch\/wp-content\/uploads\/2025\/04\/bd3124ee-223d-4376-94af-bdac61323bc5-683x1024.jpg 683w, https:\/\/cantaroma.ch\/wp-content\/uploads\/2025\/04\/bd3124ee-223d-4376-94af-bdac61323bc5-200x300.jpg 200w, https:\/\/cantaroma.ch\/wp-content\/uploads\/2025\/04\/bd3124ee-223d-4376-94af-bdac61323bc5-768x1152.jpg 768w, https:\/\/cantaroma.ch\/wp-content\/uploads\/2025\/04\/bd3124ee-223d-4376-94af-bdac61323bc5-1024x1536.jpg 1024w, https:\/\/cantaroma.ch\/wp-content\/uploads\/2025\/04\/bd3124ee-223d-4376-94af-bdac61323bc5.jpg 1365w\" sizes=\"auto, (max-width: 683px) 100vw, 683px\" \/><\/figure><div class=\"wp-block-media-text__content\">\n<p><strong>Kadir Erdogan<\/strong><br>Kadir ist in Mersin (T\u00fcrkei) aufgewachsen. Schon als Kind kam er mit der musikalischen Tradition der t\u00fcrkischen Roma in Ber\u00fchrung und schlug mit 13 Jahren bereits in Kneipen und an Hochzeiten die Trommel. Mit seinem virtuosen Darabuka- und Cajon-Spiel und viel Humor gibt er nun auch bei <em><mark style=\"background-color:rgba(0, 0, 0, 0);color:#d52424\" class=\"has-inline-color\"><strong>c<\/strong><\/mark>anta<mark style=\"background-color:rgba(0, 0, 0, 0);color:#d92222\" class=\"has-inline-color\"><strong>R<\/strong><\/mark>oma<\/em> den Takt an.<\/p>\n<\/div><\/div>\n\n\n\n<h2 class=\"wp-block-heading alignfull has-large-font-size\"><strong> <\/strong>            <\/h2>\n\n\n\n<h2 class=\"wp-block-heading alignfull has-large-font-size\">                   <strong>Kurz und b\u00fcndig:<\/strong><\/h2>\n\n\n\n<h2 class=\"wp-block-heading alignwide has-normal-font-size\"><em><strong><mark style=\"background-color:rgba(0, 0, 0, 0);color:#dd2323\" class=\"has-inline-color\">c<\/mark>anta<mark style=\"background-color:rgba(0, 0, 0, 0);color:#dd2626\" class=\"has-inline-color\">R<\/mark>oma<\/strong><\/em><strong> <\/strong>singt und spielt schwungvolle, leidenschaftliche und tr\u00e4umerische Melodien f\u00fcr ein Konzert, Fest, Privatanlass, eine Veranstaltung, etc.                                                                                                    <\/h2>\n\n\n\n<h2 class=\"wp-block-heading alignwide has-normal-font-size\"><strong>Mail-Kontakt: <a href=\"mailto:contact@cantaroma.ch\">contact@cantaroma.ch<\/a><\/strong><\/h2>\n","protected":false},"excerpt":{"rendered":"<p>cantaRoma<\/p>\n","protected":false},"author":1,"featured_media":0,"parent":0,"menu_order":0,"comment_status":"closed","ping_status":"closed","template":"","meta":{"footnotes":""},"class_list":["post-119","page","type-page","status-publish","hentry","entry"],"_links":{"self":[{"href":"https:\/\/cantaroma.ch\/index.php?rest_route=\/wp\/v2\/pages\/119","targetHints":{"allow":["GET"]}}],"collection":[{"href":"https:\/\/cantaroma.ch\/index.php?rest_route=\/wp\/v2\/pages"}],"about":[{"href":"https:\/\/cantaroma.ch\/index.php?rest_route=\/wp\/v2\/types\/page"}],"author":[{"embeddable":true,"href":"https:\/\/cantaroma.ch\/index.php?rest_route=\/wp\/v2\/users\/1"}],"replies":[{"embeddable":true,"href":"https:\/\/cantaroma.ch\/index.php?rest_route=%2Fwp%2Fv2%2Fcomments&post=119"}],"version-history":[{"count":48,"href":"https:\/\/cantaroma.ch\/index.php?rest_route=\/wp\/v2\/pages\/119\/revisions"}],"predecessor-version":[{"id":249,"href":"https:\/\/cantaroma.ch\/index.php?rest_route=\/wp\/v2\/pages\/119\/revisions\/249"}],"wp:attachment":[{"href":"https:\/\/cantaroma.ch\/index.php?rest_route=%2Fwp%2Fv2%2Fmedia&parent=119"}],"curies":[{"name":"wp","href":"https:\/\/api.w.org\/{rel}","templated":true}]}}